{"id":75,"date":"2020-06-01T03:43:49","date_gmt":"2020-06-01T03:43:49","guid":{"rendered":"https:\/\/lepdata.org\/monteiro\/?page_id=75"},"modified":"2020-06-19T10:18:08","modified_gmt":"2020-06-19T10:18:08","slug":"press-outreach","status":"publish","type":"page","link":"https:\/\/lepdata.org\/monteiro\/press-outreach\/","title":{"rendered":"Popular Press &#038; Outreach"},"content":{"rendered":"\n<h3 class=\"wp-block-heading\">Popular Press<\/h3>\n\n\n\n<figure class=\"wp-block-table is-style-stripes\"><table><tbody><tr><td>\n\t\t\tPNAS 2019\n\t\t<\/td><td>\n\t\t\t\n\t\t\t\t<a href=\"https:\/\/www.dailystar.co.uk\/news\/latest-news\/chimps-bonobos-track-eye-gaze-19549299\">Daily Star (UK)<\/a>\n\t\t\t\n\t\t<\/td><\/tr><tr><td>&nbsp;<\/td><td>\n\t\t\t\n\t\t\t\t<a href=\"https:\/\/www.newswise.com\/articles\/nus-study-reveals-similarities-in-human-chimpanzee-and-bonobo-eye-colour-patterns\">Newswise<\/a>\n\t\t\t\n\t\t<\/td><\/tr><tr><td>&nbsp;<\/td><td>\n\t\t\t\n\t\t\t\t<a href=\"https:\/\/www.sciencedaily.com\/releases\/2019\/09\/190904100801.htm\">Science Daily<\/a>\n\t\t\t\n\t\t<\/td><\/tr><tr><td>\n\t\t\tScientific Reports 2018\n\t\t<\/td><td>\n\t\t\t\n\t\t\t\t<a href=\"\/monteiro\/Press\/Qian et al. 2018\/Beautiful Science%3A The impact of the haze on caterpillars, Environment News &amp; Top Stories - The Stra.pdf\">The Straits Times (Singapore)<\/a>\n\t\t\t\n\t\t<\/td><\/tr><tr><td>&nbsp;<\/td><td>\n\t\t\t\n\t\t\t\t<a href=\"https:\/\/phys.org\/news\/2019-01-haze-affects-butterfly-caterpillars.html\">Phys.org<\/a>\n\t\t\t\n\t\t<\/td><\/tr><tr><td>&nbsp;<\/td><td>\n\t\t\t\n\t\t\t\t<a href=\"https:\/\/wildsingaporenews.blogspot.com\/2019\/01\/the-impact-of-haze-on-caterpillars.html\">Wild Singapore<\/a>\n\t\t\t\n\t\t<\/td><\/tr><tr><td>\n\t\t\tCell Reports 2018\n\t\t<\/td><td>\n\t\t\t\n\t\t\t\t<a href=\"https:\/\/www.synthego.com\/blog\/crispr-butterfly-wings?utm_campaign=Blog&amp;utm_content=73979897&amp;utm_medium=social&amp;utm_source=twitter\">Synthego<\/a>\n\t\t\t\n\t\t<\/td><\/tr><tr><td>&nbsp;<\/td><td>\n\t\t\t\n\t\t\t\t<a href=\"https:\/\/phys.org\/news\/2018-07-scientists-crispr-tweak-butterfly-wing.html\">Phys.org<\/a>\n\t\t\t\n\t\t<\/td><\/tr><tr><td>&nbsp;<\/td><td>\n\t\t\t\n\t\t\t\t<a href=\"http:\/\/www.dailymail.co.uk\/sciencetech\/article-5912855\/Scientists-use-Crispr-change-colour-pattern-shape-butterfly-wings.html\">Daily Mail (UK)<\/a>\n\t\t\t\n\t\t<\/td><\/tr><tr><td>\n\t\t\tProc. Roy. Soc Lond B 2018\n\t\t<\/td><td>\n\t\t\t\n\t\t\t\t<a href=\"\/monteiro\/Press\/Prakash and Monteiro 2018\/Explaining butterflies\u2019 double-sided splendour %3A Research Highlights.pdf\">Nature<\/a>\n\t\t\t\t (UK)\n\t\t\t\n\t\t<\/td><\/tr><tr><td>&nbsp;<\/td><td>\n\t\t\t\n\t\t\t\t<a href=\"https:\/\/entomologytoday.org\/2018\/02\/22\/how-butterflies-pattern-top-and-bottom-wing-surfaces-differently\/\">Entomology Today<\/a>\n\t\t\t\t (USA)\n\t\t\t\n\t\t<\/td><\/tr><tr><td>&nbsp;<\/td><td>\n\t\t\t\n\t\t\t\t<a href=\"\/monteiro\/Press\/Prakash and Monteiro 2018\/ApterousST.png\">The Straits Times (Singapore)<\/a>\n\t\t\t\n\t\t<\/td><\/tr><tr><td>&nbsp;<\/td><td>\n\t\t\t\n\t\t\t\t<a href=\"\/monteiro\/Press\/Prakash and Monteiro 2018\/Gene affecting butterfly wing appearance identified \/ NUS News.pdf\">NUS News<\/a>\n\t\t\t\n\t\t<\/td><\/tr><tr><td>\n\t\t\tMolecular Biology and Evolution 2018\n\t\t<\/td><td>\n\t\t\t\n\t\t\t\t<a href=\"https:\/\/entomologytoday.org\/2017\/11\/21\/hormones-control-eyespot-size-in-the-butterfly-bicyclus-anynana\/\">Entomology Today<\/a>\n\t\t\t\n\t\t<\/td><\/tr><tr><td>\n\t\t\tGenetics 2017\n\t\t<\/td><td>\n\t\t\t\n\t\t\t\t<a href=\"http:\/\/genestogenomes.org\/three-genetics-articles-from-2017-recognized-with-editors-choice-awards\/\">Genetics Society of America<\/a>\n\t\t\t\n\t\t<\/td><\/tr><tr><td>\n\t\t\tInterview with A. Monteiro 2017\n\t\t<\/td><td>\n\t\t\t\n\t\t\t\t<a href=\"https:\/\/www.khamama.com\/blogs\/news\/exceptional-personalities-prof-antonia-monteiro\">Khamama<\/a>\n\t\t\t\n\t\t<\/td><\/tr><tr><td>\n\t\t\tPLoS One 2017\n\t\t<\/td><td>\n\t\t\t\n\t\t\t\t<a href=\"\/monteiro\/Press\/Wee and Monteiro 2017\/image.png\">The Straits Times (Singapore)<\/a>\n\t\t\t\n\t\t<\/td><\/tr><tr><td>&nbsp;<\/td><td>\n\t\t\t\n\t\t\t\t<a href=\"\/monteiro\/Press\/Wee and Monteiro 2017\/TheStraightsTimes2.pdf\">The Straits Times<\/a>\n\t\t\t\n\t\t<\/td><\/tr><tr><td>&nbsp;<\/td><td>\n\t\t\t\n\t\t\t\t<a href=\"http:\/\/www.science.nus.edu.sg\/research-highlights\/1971-flashy-wing-colours-for-protection\">FOS, NUS News<\/a>\n\t\t\t\n\t\t<\/td><\/tr><tr><td>&nbsp;<\/td><td>\n\t\t\t\n\t\t\t\t<a href=\"\/monteiro\/Press\/Wee and Monteiro 2017\/NUS news 2017.pdf\">NUS News<\/a>\n\t\t\t\n\t\t<\/td><\/tr><tr><td>\n\t\t\tProc. Roy. Soc Lond B 2016\n\t\t<\/td><td>\n\t\t\t<p>\n\t\t\t\t\n\t\t\t\t\t<a href=\"http:\/\/www.sciencemag.org\/news\/2016\/02\/jurassic-butterflies-predated-true-butterflies-50-million-years\">Science<\/a>\n\t\t\t\t\n\t\t\t<\/p>\n\t\t<\/td><\/tr><tr><td>&nbsp;<\/td><td>\n\t\t\t\n\t\t\t\t<a href=\"http:\/\/www.foxnews.com\/science\/2016\/02\/05\/scientists-discover-prehistoric-jurassic-butterfly.html\">Fox News<\/a>\n\t\t\t\n\t\t<\/td><\/tr><tr><td>&nbsp;<\/td><td>\n\t\t\t\n\t\t\t\t<a href=\"http:\/\/phenomena.nationalgeographic.com\/2016\/02\/04\/butterflies-forty-million-years-before-butterflies\/\">National Geographic<\/a>\n\t\t\t\n\t\t<\/td><\/tr><tr><td>&nbsp;<\/td><td>\n\t\t\t\n\t\t\t\t<a href=\"https:\/\/www.washingtonpost.com\/news\/speaking-of-science\/wp\/2016\/02\/04\/40-million-years-before-butterflies-existed-this-creature-evolved-strikingly-similar-looks\/\">Washington Post<\/a>\n\t\t\t\n\t\t<\/td><\/tr><tr><td>\n\t\t\tAnnual Review of Entomology 2015\n\t\t<\/td><td>\n\t\t\t\n\t\t\t\t<a href=\"http:\/\/news.nus.edu.sg\/images\/resources\/news\/2015\/2015-04\/2015-04-05\/BUTTERFLIES-st-5apr-p37.pdf\">Sunday Times <\/a>\n\t\t\t\t(Singapore)\n\t\t\t\n\t\t<\/td><\/tr><tr><td>\n\t\t\tProc. Roy. Soc. 2015\n\t\t<\/td><td>\n\t\t\t\n\t\t\t\t<a href=\"\/monteiro\/Press\/Mantid paper\/Nature-mantids.pdf\">Nature<\/a>\n\t\t\t\t (UK)\n\t\t\t\n\t\t<\/td><\/tr><tr><td>&nbsp;<\/td><td>\n\t\t\t\n\t\t\t\t<a href=\"http:\/\/podcast.cbc.ca\/mp3\/podcasts\/quirks_20141122_83516.mp3\">CBC Radio<\/a>\n\t\t\t\t (Canada)\n\t\t\t\n\t\t<\/td><\/tr><tr><td>&nbsp;<\/td><td>\n\t\t\t\n\t\t\t\t<a href=\"http:\/\/news.discovery.com\/animals\/butterfly-uses-eyespots-to-deflect-attacks-141114.htm\">Discovery News<\/a>\n\t\t\t\t (USA)\n\t\t\t\n\t\t<\/td><\/tr><tr><td>&nbsp;<\/td><td>\n\t\t\t\n\t\t\t\t<a href=\"http:\/\/www.sciencedaily.com\/releases\/2014\/11\/141111170220.htm?utm_source=feedburner&amp;utm_medium=email&amp;utm_campaign=Feed%3A+sciencedaily%2Fplants_animals+%28Plants+%26+Animals+News+--+ScienceDaily%29\">Science Daily<\/a>\n\t\t\t\t (USA)\n\t\t\t\n\t\t<\/td><\/tr><tr><td>&nbsp;<\/td><td>\n\t\t\t\n\t\t\t\t<a href=\"http:\/\/www.thetimes.co.uk\/tto\/science\/article4264978.ece\">The Times<\/a>\n\t\t\t\t (UK)\n\t\t\t\n\t\t<\/td><\/tr><tr><td>&nbsp;<\/td><td>\n\t\t\t\n\t\t\t\t<a href=\"http:\/\/www.salon.com\/2014\/11\/15\/why_butterflies_spots_change_from_season_to_season_partner\/\">Salon<\/a>\n\t\t\t\n\t\t<\/td><\/tr><tr><td>&nbsp;<\/td><td>\n\t\t\t\n\t\t\t\t<a href=\"http:\/\/yibs.yale.edu\/news\/eyespots-butterflies-shown-distract-predatory-attack\">Yale Institute of Biospheric Studies<\/a>\n\t\t\t\t (USA)\n\t\t\t\n\t\t<\/td><\/tr><tr><td>\n\t\t\tPNAS 2014\n\t\t<\/td><td>\n\t\t\t\n\t\t\t\t<a href=\"\/monteiro\/Press\/Wasik et al. 2014\/Chic_butterfly.mp3\">National Public Radio<\/a>\n\t\t\t\t (NPR) (USA)\n\t\t\t\n\t\t<\/td><\/tr><tr><td>&nbsp;<\/td><td>\n\t\t\t\n\t\t\t\t<a href=\"\/monteiro\/Press\/Wasik et al. 2014\/nationalgeographic.pdf\">National Geographic<\/a>\n\t\t\t\n\t\t<\/td><\/tr><tr><td>&nbsp;<\/td><td>\n\t\t\t\n\t\t\t\t<a href=\"\/monteiro\/Press\/Wasik et al. 2014\/discovermagazine.pdf\">Discover Magazine<\/a>\n\t\t\t\t (USA)\n\t\t\t\n\t\t<\/td><\/tr><tr><td>&nbsp;<\/td><td>\n\t\t\t\n\t\t\t\t<a href=\"\/monteiro\/Press\/Wasik et al. 2014\/diariouno.pdf\">Diario Uno<\/a>\n\t\t\t\t (Argentina)\n\t\t\t\n\t\t<\/td><\/tr><tr><td>&nbsp;<\/td><td>\n\t\t\t\n\t\t\t\t<a href=\"\/monteiro\/Press\/Wasik et al. 2014\/khaleejtimes.pdf\">Khaleej Times<\/a>\n\t\t\t\t (United Arab Emirates)\n\t\t\t\n\t\t<\/td><\/tr><tr><td>&nbsp;<\/td><td>\n\t\t\t\n\t\t\t\t<a href=\"\/monteiro\/Press\/Wasik et al. 2014\/www-vesti-ru.pdf?????.Ru_ ??????? ???????????? ??????? ??????? ? ?????????? ????????.html\">Vesti.Ru<\/a>\n\t\t\t\t (Russia)\n\t\t\t\n\t\t<\/td><\/tr><tr><td>\n\t\t\tPNAS 2012\n\t\t<\/td><td>\n\t\t\t\n\t\t\t\t<a href=\"\/monteiro\/Press\/PNAS cover shots\/Yale news.html\">Yale News<\/a>\n\t\t\t\t (USA)\n\t\t\t\n\t\t<\/td><\/tr><tr><td>&nbsp;<\/td><td>\n\t\t\t\n\t\t\t\t<a href=\"\/monteiro\/Press\/PNAS cover shots\/MaxiScience (Fr).html\">MaxiScience<\/a>\n\t\t\t\t (France)\n\t\t\t\n\t\t<\/td><\/tr><tr><td>&nbsp;<\/td><td>\n\t\t\t\n\t\t\t\t<a href=\"\/monteiro\/Press\/PNAS cover shots\/borboletas-femeas-preferem-machos-com-asas-mais-vistosas.html\">Veja<\/a>\n\t\t\t\t (Brazil)\n\t\t\t\n\t\t<\/td><\/tr><tr><td>\n\t\t\tYale Environmental News 2011\n\t\t<\/td><td>\n\t\t\t\n\t\t\t\t<a href=\"\/monteiro\/Press\/Yale Environmental News\/National_Geographic.pdf\">National Geographic<\/a>\n\t\t\t\t (USA)\n\t\t\t\n\t\t<\/td><\/tr><tr><td>\n\t\t\tScience 2011\n\t\t<\/td><td>\n\t\t\t\n\t\t\t\t<a href=\"\/monteiro\/Press\/Science press\/WallStreetJ.html\">Wall Street Journal<\/a>\n\t\t\t\t (USA)\n\t\t\t\n\t\t<\/td><\/tr><tr><td>&nbsp;<\/td><td>\n\t\t\t\n\t\t\t\t<a href=\"\/monteiro\/Press\/Science press\/BBC.html\">BBC Earth News<\/a>\n\t\t\t\t (UK)\n\t\t\t\n\t\t<\/td><\/tr><tr><td>&nbsp;<\/td><td>\n\t\t\t\n\t\t\t\t<a href=\"\/monteiro\/Press\/Science press\/Guardian\/Guardian.html\">Guardian<\/a>\n\t\t\t\t (UK)\n\t\t\t\n\t\t<\/td><\/tr><tr><td>&nbsp;<\/td><td>\n\t\t\t\n\t\t\t\t<a href=\"\/monteiro\/Press\/Science press\/YaleDailyNews.html\">Yale Daily News<\/a>\n\t\t\t\t (USA)\n\t\t\t\n\t\t<\/td><\/tr><tr><td>&nbsp;<\/td><td>\n\t\t\t\n\t\t\t\t<a href=\"\/monteiro\/Press\/Science press\/HuffingtonPost.html\">Huffington Post<\/a>\n\t\t\t\t (USA)\n\t\t\t\n\t\t<\/td><\/tr><tr><td>&nbsp;<\/td><td>\n\t\t\t\n\t\t\t\t<a href=\"\/monteiro\/Press\/Science press\/DailyMirrorUK.html\">Daily Mirror<\/a>\n\t\t\t\t (UK)\n\t\t\t\n\t\t<\/td><\/tr><tr><td>&nbsp;<\/td><td>\n\t\t\t\n\t\t\t\t<a href=\"\/monteiro\/Press\/Science press\/DailyIndia.html\">Daily India<\/a>\n\t\t\t\t (India)\n\t\t\t\n\t\t<\/td><\/tr><tr><td>&nbsp;<\/td><td>\n\t\t\t\n\t\t\t\t<a href=\"\/monteiro\/Press\/Science press\/Germany.html\">Scinexx<\/a>\n\t\t\t\t (Germany)\n\t\t\t\n\t\t<\/td><\/tr><tr><td>&nbsp;<\/td><td>\n\t\t\t\n\t\t\t\t<a href=\"\/monteiro\/Press\/Science press\/Portugal-Sapo.html\">Sapo.pt<\/a>\n\t\t\t\t (Portugal)\n\t\t\t\n\t\t<\/td><\/tr><tr><td>&nbsp;<\/td><td>\n\t\t\t\n\t\t\t\t<a href=\"\/monteiro\/Press\/Science press\/USNews.html\">US News<\/a>\n\t\t\t\t (USA)\n\t\t\t\n\t\t<\/td><\/tr><tr><td>&nbsp;<\/td><td>\n\t\t\t\n\t\t\t\t<a href=\"\/monteiro\/Press\/Science press\/Spain-ABC.html\">ABC<\/a>\n\t\t\t\t (Spain)\n\t\t\t\n\t\t<\/td><\/tr><tr><td>&nbsp;<\/td><td>\n\t\t\t\n\t\t\t\t<a href=\"\/monteiro\/Press\/Science press\/Ghana.html\">Modern Ghana<\/a>\n\t\t\t\t (Ghana)\n\t\t\t\n\t\t<\/td><\/tr><tr><td>\n\t\t\tProc. Roy. Soc. Lond. B 2009\n\t\t<\/td><td>\n\t\t\t\n\t\t\t\t<a href=\"monteiro-pdfs\/Nature%20highlights.pdf\">Nature <\/a>\n\t\t\t\t(UK)\n\t\t\t\n\t\t<\/td><\/tr><tr><td><\/td><td>\n\t\t\t\n\t\t\t\t<a href=\"\/monteiro\/Press\/28577_files\/28577.html\">Yale Daily News <\/a>\n\t\t\t\t(USA)\n\t\t\t\n\t\t<\/td><\/tr><tr><td>\n\t\t\tBMC Developmental \n\t\t<\/td><td>\n\t\t\t\n\t\t\t\t<a href=\"\/monteiro\/Press\/Laser%20story\/UB_news.html\">UB News<\/a>\n\t\t\t\t (USA)\n\t\t\t\n\t\t<\/td><\/tr><tr><td>\n\t\t\tBiology 2006\n\t\t<\/td><td>\n\t\t\t\n\t\t\t\t<a href=\"\/monteiro\/Press\/Laser%20story\/Telegraph.webarchive\">The Telegraph<\/a>\n\t\t\t\t (UK)\n\t\t\t\n\t\t<\/td><\/tr><tr><td><\/td><td>\n\t\t\t\n\t\t\t\t<a href=\"\/monteiro\/Press\/Laser%20story\/NatureGallery2006.pdf\">Nature<\/a>\n\t\t\t\t (UK)\n\t\t\t\n\t\t<\/td><\/tr><tr><td><\/td><td>\n\t\t\t\n\t\t\t\t<a href=\"\/monteiro\/Press\/Laser%20story\/biotechniques.pdf\">Biotechniques<\/a>\n\t\t\t\t (USA)\n\t\t\t\n\t\t<\/td><\/tr><tr><td><\/td><td>\n\t\t\t\n\t\t\t\t<a href=\"\/monteiro\/Press\/Laser%20story\/physorg.html\">Physorg.com<\/a>\n\t\t\t\t (USA)\n\t\t\t\n\t\t<\/td><\/tr><tr><td><\/td><td>\n\t\t\t\n\t\t\t\t<a href=\"\/monteiro\/Press\/Laser%20story\/DieWelt.html\">Die Welt<\/a>\n\t\t\t\t (Germany)\n\t\t\t\n\t\t<\/td><\/tr><tr><td><\/td><td>\n\t\t\t\n\t\t\t\t<a href=\"\/monteiro\/Press\/Laser%20story\/Science_Daily.html\">Science Daily<\/a>\n\t\t\t\t (USA)\n\t\t\t\n\t\t<\/td><\/tr><tr><td><\/td><td>\n\t\t\t\n\t\t\t\t<a href=\"\/monteiro\/Press\/Laser%20story\/Planet.html\">Planet<\/a>\n\t\t\t\t (Netherlands)\n\t\t\t\n\t\t<\/td><\/tr><tr><td><\/td><td>\n\t\t\t\n\t\t\t\t<a href=\"\/monteiro\/Press\/Laser%20story\/LiveScience.html\">Live Science<\/a>\n\t\t\t\t (USA)\n\t\t\t\n\t\t<\/td><\/tr><tr><td><\/td><td>\n\t\t\t\n\t\t\t\t<a href=\"\/monteiro\/Press\/Laser%20story\/WaarMaarRaar.html\">Waar Maar Raar<\/a>\n\t\t\t\t (Netherlands)\n\t\t\t\n\t\t<\/td><\/tr><tr><td><\/td><td>\n\t\t\t\n\t\t\t\t<a href=\"\/monteiro\/Press\/Laser%20story\/Softpedia.html\">Softpedia<\/a>\n\t\t\t\t (USA)\n\t\t\t\n\t\t<\/td><\/tr><tr><td><\/td><td>\n\t\t\t\n\t\t\t\t<a href=\"\/monteiro\/Press\/Laser%20story\/UPI.html\">United Press International<\/a>\n\t\t\t\n\t\t<\/td><\/tr><tr><td><\/td><td>\n\t\t\t\n\t\t\t\t<a href=\"\/monteiro\/Press\/Laser%20story\/photonics.html\">Photonics<\/a>\n\t\t\t\t (USA)\n\t\t\t\n\t\t<\/td><\/tr><tr><td><\/td><td>\n\t\t\t\n\t\t\t\t<a href=\"\/monteiro\/Press\/Laser%20story\/metro.html\">Metro<\/a>\n\t\t\t\t (UK)\n\t\t\t\n\t\t<\/td><\/tr><tr><td><\/td><td>\n\t\t\t\n\t\t\t\t<a href=\"\/monteiro\/Press\/Laser%20story\/Newswise.html\">Newswise<\/a>\n\t\t\t\t (USA)\n\t\t\t\n\t\t<\/td><\/tr><tr><td><\/td><td>\n\t\t\tNRC Handelsblad (Netherlands)\n\t\t<\/td><\/tr><tr><td>\n\t\t\tProc. Roy. Soc. Lond. B 2005\n\t\t<\/td><td>\n\t\t\t\n\t\t\t\t<a href=\"\/monteiro\/Press\/Kendras_publicity\/AAS_radio.mp3\">AAAS Science Society Radio<\/a>\n\t\t\t\t (USA)\n\t\t\t\n\t\t<\/td><\/tr><tr><td><\/td><td>\n\t\t\t\n\t\t\t\t<a href=\"\/monteiro\/Press\/Kendras_publicity\/almanaccoScienza\/Articolo.asp.html\">Almanacco della Scienza<\/a>\n\t\t\t\t (Italy)\n\t\t\t\n\t\t<\/td><\/tr><tr><td><\/td><td>\n\t\t\t\n\t\t\t\t<a href=\"\/monteiro\/Press\/Kendras_publicity\/bbvnet_de\/96034.html\">Bocholter-Borkener Volksblatt<\/a>\n\t\t\t\t (Germany)\n\t\t\t\n\t\t<\/td><\/tr><tr><td><\/td><td>\n\t\t\t\n\t\t\t\t<a href=\"\/monteiro\/Press\/Kendras_publicity\/biology_news\/female_butterflies_1AC849.html\">Biology News Net<\/a>\n\t\t\t\t (USA)\n\t\t\t\n\t\t<\/td><\/tr><tr><td><\/td><td>\n\t\t\t\n\t\t\t\t<a href=\"\/monteiro\/Press\/Kendras_publicity\/BRIC_Korea\/science_view.php.html\">BRIC<\/a>\n\t\t\t\t (South Korea)\n\t\t\t\n\t\t<\/td><\/tr><tr><td><\/td><td>\n\t\t\t\n\t\t\t\t<a href=\"\/monteiro\/Press\/Kendras_publicity\/BufNews\/BufNews.html\">Buffalo News<\/a>\n\t\t\t\t (USA)\n\t\t\t\n\t\t<\/td><\/tr><tr><td><\/td><td>\n\t\t\t\n\t\t\t\t<a href=\"\/monteiro\/Press\/Kendras_publicity\/CBCnews\/butterfly-eyes050629.html\">CBC News<\/a>\n\t\t\t\t (Canada)\n\t\t\t\n\t\t<\/td><\/tr><tr><td><\/td><td>\n\t\t\t\n\t\t\t\t<a href=\"\/monteiro\/Press\/Kendras_publicity\/DerSpiegel\/index.html\">Der Spiegel<\/a>\n\t\t\t\t (Germany)\n\t\t\t\n\t\t<\/td><\/tr><tr><td><\/td><td>\n\t\t\t\n\t\t\t\t<a href=\"\/monteiro\/Press\/Kendras_publicity\/Focusit\/20277_30_6_66.asp.html\">\n\t\t\t\t\tFocus.\n\t\t\t\t\t<i>it<\/i>\n\t\t\t\t<\/a>\n\t\t\t\t (Italy)\n\t\t\t\n\t\t<\/td><\/tr><tr><td><\/td><td>\n\t\t\t\n\t\t\t\t<a href=\"\/monteiro\/Press\/Kendras_publicity\/imacmexico\/ev_es.php.html\">IMAC<\/a>\n\t\t\t\t (Mexico)\n\t\t\t\n\t\t<\/td><\/tr><tr><td><\/td><td>\n\t\t\t\n\t\t\t\t<a href=\"\/monteiro\/Press\/Kendras_publicity\/MCK_Indonesia\/135717.htm\">Kompas<\/a>\n\t\t\t\t (Indonesia)\n\t\t\t\n\t\t<\/td><\/tr><tr><td><\/td><td>\n\t\t\t\n\t\t\t\t<a href=\"\/monteiro\/Press\/Kendras_publicity\/medical_news\/medicalnews.php.html\">Medical News Today<\/a>\n\t\t\t\t (UK)\n\t\t\t\n\t\t<\/td><\/tr><tr><td><\/td><td>\n\t\t\t\n\t\t\t\t<a href=\"\/monteiro\/Press\/Kendras_publicity\/newswise\/Newswise.html\">NewsWise<\/a>\n\t\t\t\t (USA)\n\t\t\t\n\t\t<\/td><\/tr><tr><td><\/td><td>\n\t\t\t\n\t\t\t\t<a href=\"\/monteiro\/Press\/Kendras_publicity\/Physorg\/news4845.html\">PhysOrg<\/a>\n\t\t\t\t (Netherlands)\n\t\t\t\n\t\t<\/td><\/tr><tr><td><\/td><td>\n\t\t\t\n\t\t\t\t<a href=\"\/monteiro\/Press\/Kendras_publicity\/ScienceNow\/2.html\">Science<\/a>\n\t\t\t\t (USA)\n\t\t\t\n\t\t<\/td><\/tr><tr><td><\/td><td>\n\t\t\t\n\t\t\t\t<a href=\"\/monteiro\/Press\/Kendras_publicity\/Science_Daily\/050629065544.htm\">\n\t\t\t\t\tScience\n\t\t\t\t\t<i>Daily<\/i>\n\t\t\t\t<\/a>\n\t\t\t\t (USA)\n\t\t\t\n\t\t<\/td><\/tr><tr><td><\/td><td>\n\t\t\t\n\t\t\t\t<a href=\"\/monteiro\/Press\/Kendras_publicity\/UBnews\/article-page.html\">UB News<\/a>\n\t\t\t\t (USA)\n\t\t\t\n\t\t<\/td><\/tr><tr><td><\/td><td>\n\t\t\t\n\t\t\t\t<a href=\"\/monteiro\/Press\/Kendras_publicity\/wissenschaft\/254673.html\">Wissenschaft<\/a>\n\t\t\t\t (Germany)\n\t\t\t\n\t\t<\/td><\/tr><tr><td>\n\t\t\tBiology Letters 2004\n\t\t<\/td><td>\n\t\t\t\n\t\t\t\t<a href=\"\/monteiro\/Press\/2004-transgenic_story\/axxon_Argentina_transgenic\/040169.html\">Axx\u00f3nLine!<\/a>\n\t\t\t\t (Argentina)\n\t\t\t\n\t\t<\/td><\/tr><tr><td><\/td><td>\n\t\t\t\n\t\t\t\t<a href=\"\/monteiro\/Press\/2004-transgenic_story\/BBCnews\/3499484.stm.html\">BBC News<\/a>\n\t\t\t\t (UK)\n\t\t\t\n\t\t<\/td><\/tr><tr><td><\/td><td>\n\t\t\t\n\t\t\t\t<a href=\"\/monteiro\/Press\/2004-transgenic_story\/Telegraph\/main.jhtml.html\">The Telegraph<\/a>\n\t\t\t\t (UK)\n\t\t\t\n\t\t<\/td><\/tr><tr><td><\/td><td>\n\t\t\t\n\t\t\t\t<a href=\"\/monteiro\/Press\/2004-transgenic_story\/BuffaloNews\/1018871.asp.html\">Buffalo News<\/a>\n\t\t\t\t (USA)\n\t\t\t\n\t\t<\/td><\/tr><tr><td><\/td><td>\n\t\t\t\n\t\t\t\t<a href=\"\/monteiro\/Press\/2004-transgenic_story\/science_news\/fob7.asp.html\">Science News<\/a>\n\t\t\t\t (UK)\n\t\t\t\n\t\t<\/td><\/tr><tr><td><\/td><td>\n\t\t\t\n\t\t\t\t<a href=\"\/monteiro\/Press\/2004-transgenic_story\/Le_scienze\/rassegna_stampa0305.htm\">Le scienze on line<\/a>\n\t\t\t\t (Italy)\n\t\t\t\n\t\t<\/td><\/tr><tr><td><\/td><td>\n\t\t\t\n\t\t\t\t<a href=\"\/monteiro\/Press\/2004-transgenic_story\/Publico\/H01.html\">P\u00fablico<\/a>\n\t\t\t\t (Portugal)\n\t\t\t\n\t\t<\/td><\/tr><tr><td><\/td><td>\n\t\t\t\n\t\t\t\t<a href=\"\/monteiro\/Press\/2004-transgenic_story\/Publico\/H01CX02.html\">P\u00fablico<\/a>\n\t\t\t\t (Portugal)\n\t\t\t\n\t\t<\/td><\/tr><tr><td><\/td><td>\n\t\t\t\n\t\t\t\t<a href=\"\/monteiro\/Press\/2004-transgenic_story\/UB_reporter\/Butterflies.html\">UB Reporter<\/a>\n\t\t\t\t (USA)\n\t\t\t\n\t\t<\/td><\/tr><tr><td><\/td><td>\n\t\t\t\n\t\t\t\t<a href=\"\/monteiro\/Press\/2004-transgenic_story\/wssenchft-germany\/238642.html\">Wissenschaft<\/a>\n\t\t\t\t (Germany)\n\t\t\t\n\t\t<\/td><\/tr><tr><td><\/td><td>\n\t\t\t\n\t\t\t\t<a href=\"\/monteiro\/Press\/2004-transgenic_story\/ScienceDaily\/index.htm\">Science Daily<\/a>\n\t\t\t\t (USA)\n\t\t\t\n\t\t<\/td><\/tr><tr><td><\/td><td>\n\t\t\t\n\t\t\t\t<a href=\"\/monteiro\/Press\/2004-transgenic_story\/Vietnam.net\/VietNamNet.vn.html\">VietnamNet<\/a>\n\t\t\t\t (Vietnam)\n\t\t\t\n\t\t<\/td><\/tr><tr><td><\/td><td>\n\t\t\t\n\t\t\t\t<a href=\"\/monteiro\/Press\/2004-transgenic_story\/KCM\/141852.htm\">KCM<\/a>\n\t\t\t\t (Indonesia)\n\t\t\t\n\t\t<\/td><\/tr><tr><td><\/td><td>\n\t\t\t\n\t\t\t\t<a href=\"\/monteiro\/Press\/2004-transgenic_story\/Costa-Blanca%20news\/british.htm\">Costa Blanca News<\/a>\n\t\t\t\t (Spain)\n\t\t\t\n\t\t<\/td><\/tr><tr><td><\/td><td>\n\t\t\t\n\t\t\t\t<a href=\"\/monteiro\/Press\/2004-transgenic_story\/UOL_inovacao\/ult762u1872.jhtm.html\">UOL Inova\u00e7\u00e3o<\/a>\n\t\t\t\t (Brazil)\n\t\t\t\n\t\t<\/td><\/tr><tr><td><\/td><td>\n\t\t\t\n\t\t\t\t<a href=\"\/monteiro\/Press\/2004-transgenic_story\/ascribe\/spew4th.pl.html\">Ascribe<\/a>\n\t\t\t\t (USA)\n\t\t\t\n\t\t<\/td><\/tr><tr><td><\/td><td>\n\t\t\t\n\t\t\t\t<a href=\"\/monteiro\/Press\/2004-transgenic_story\/Oregonian\/index.ssf.html\">The Oregonian<\/a>\n\t\t\t\t (USA)\n\t\t\t\n\t\t<\/td><\/tr><tr><td><\/td><td>\n\t\t\t\n\t\t\t\t<a href=\"\/monteiro\/Press\/2004-transgenic_story\/LVZ_online\/drwi.html\">LVZ Online<\/a>\n\t\t\t\t (Germany)\n\t\t\t\n\t\t<\/td><\/tr><tr><td><\/td><td>\n\t\t\t\n\t\t\t\t<a href=\"\/monteiro\/Press\/2004-transgenic_story\/medic@llcenter\/newssingola.asp.html\">Medic@llcenter<\/a>\n\t\t\t\t (Italy)\n\t\t\t\n\t\t<\/td><\/tr><tr><td><\/td><td>\n\t\t\t\n\t\t\t\t<a href=\"\/monteiro\/Press\/2004-transgenic_story\/Mednovosti.ru\/mednov.html\">Med Novosti<\/a>\n\t\t\t\t (Russia)\n\t\t\t\n\t\t<\/td><\/tr><tr><td><\/td><td>\n\t\t\t\n\t\t\t\t<a href=\"\/monteiro\/Press\/2004-transgenic_story\/Technology_News\/Technology%20News.html\">Technology News<\/a>\n\t\t\t\t (USA)\n\t\t\t\n\t\t<\/td><\/tr><tr><td><\/td><td>\n\t\t\t\n\t\t\t\t<a href=\"\/monteiro\/Press\/2004-transgenic_story\/Terrarystyka.pl\/index.php.html\">Terrarystyka<\/a>\n\t\t\t\t (Poland)\n\t\t\t\n\t\t<\/td><\/tr><tr><td><\/td><td>\n\t\t\t\n\t\t\t\t<a href=\"\/monteiro\/Press\/2004-transgenic_story\/the_globe_and_mail\/The%20Globe%20and%20Mail.html\">The Globe and Mail<\/a>\n\t\t\t\t (Canada)\n\t\t\t\n\t\t<\/td><\/tr><tr><td>\n\t\t\t\n\t\t\t\tBiosystems 2003\n\t\t\t\n\t\t<\/td><td>\n\t\t\t\n\t\t\t\t\n\t\t\t\t\t<a href=\"\/monteiro\/Press\/ancient_wings2003\/Nature\/031020-11.html\">Nature Science Update<\/a>\n\t\t\t\t\t (UK)\n\t\t\t\t\n\t\t\t\n\t\t<\/td><\/tr><tr><td><\/td><td>\n\t\t\t\n\t\t\t\t\n\t\t\t\t\t<a href=\"\/monteiro\/Press\/ancient_wings2003\/Publico\/shownews.asp.html\">P\u00fablico<\/a>\n\t\t\t\t\t (Portugal)\n\t\t\t\t\n\t\t\t\n\t\t<\/td><\/tr><tr><td>\n\t\t\tevo-devo mini symposium\n\t\t<\/td><td>\n\t\t\t\n\t\t\t\t<a href=\"\/monteiro\/Press\/science_writeup.pdf\">Science<\/a>\n\t\t\t\t (USA)\n\t\t\t\n\t\t<\/td><\/tr><tr><td>\n\t\t\t\n\t\t\t\tTREE 2002\n\t\t\t\n\t\t<\/td><td>\n\t\t\t\n\t\t\t\t<a href=\"\/monteiro\/Press\/2002_TREE_story\/Telegraph\/main.jhtml.html\">The Telegraph<\/a>\n\t\t\t\t (UK)\n\t\t\t\n\t\t<\/td><\/tr><tr><td><\/td><td>\n\t\t\t\n\t\t\t\t<a href=\"\/monteiro\/Press\/2002_TREE_story\/entomologia.net\/noticia7.htm\">Entomologia<\/a>\n\t\t\t\t (Spain)\n\t\t\t\n\t\t<\/td><\/tr><tr><td><\/td><td>\n\t\t\t\n\t\t\t\t\n\t\t\t\t\t<a href=\"\/monteiro\/Press\/2002_TREE_story\/Globlo\/20020812b.htm\">Globo<\/a>\n\t\t\t\t\t (Brazil)\n\t\t\t\t\n\t\t\t\n\t\t<\/td><\/tr><tr><td><\/td><td>\n\t\t\t\n\t\t\t\t\n\t\t\t\t\t<a href=\"\/monteiro\/Press\/2002_TREE_story\/Klik\/200203130002036.html\">Klik<\/a>\n\t\t\t\t\t (Croatia\/Hervatska)\n\t\t\t\t\n\t\t\t\n\t\t<\/td><\/tr><tr><td><\/td><td>\n\t\t\t\n\t\t\t\t\n\t\t\t\t\t<a href=\"\/monteiro\/Press\/2002_TREE_story\/Science_a_GoGo\/20020211025738.shtml\">Science a GoGo<\/a>\n\t\t\t\t\t (USA)\n\t\t\t\t\n\t\t\t\n\t\t<\/td><\/tr><tr><td><\/td><td>\n\t\t\t\n\t\t\t\t\n\t\t\t\t\t<a href=\"\/monteiro\/Press\/2002_TREE_story\/The_Hindu\/2002040400080400.htm\">The Hindu<\/a>\n\t\t\t\t\t (India)\n\t\t\t\t\n\t\t\t\n\t\t<\/td><\/tr><tr><td><\/td><td><\/td><\/tr><\/tbody><\/table><\/figure>\n\n\n\n<h3 class=\"wp-block-heading\">Outreach<\/h3>\n\n\n\n<p>NPR&#8217;s reporter, Rae Ellen Bichell, did a piece on &#8220;<a href=\"http:\/\/lepdata.org\/monteiro\/Press\/Wasik%20et%20al.%202014\/how_animals_hacked_the_rainbow_and_got_stumped_on_blue.mp3\">How animals hacked the rainbow and got stumped on blue<\/a>&#8220;, connecting to some of our work on blue structural color in butterflies.<\/p>\n\n\n\n<p>NPR&#8217;s reporter,Flora Lichtman, working for Ira Flatow&#8217;s&nbsp;<a href=\"http:\/\/lepdata.org\/monteiro\/Press\/npr\/npr.html\">Science Friday<\/a>, produced a nice video summary of some of our work with the transgenic butterflies.<\/p>\n\n\n\n<p>Our work with transgenic butterflies was the focus of a module on the &#8220;molecular biology of butterflies&#8221;, part of a larger exhibit held at he Natural History Museum in Lisbon (<a href=\"http:\/\/www.borboletasatravesdotempo.com\/\">Borboletas atraves do tempo<\/a>). The exhibit, which centered on the study and conservation of Iberian butterflies was in Lisbon until December 2007 and is now travelling to other Portuguese cities and countries in Europe.<\/p>\n\n\n\n<p>Work in the lab was also featured in the&nbsp;<a href=\"http:\/\/lepdata.org\/monteiro\/movies\/DailyPlanet.mov\">Discovery Channel<\/a>&nbsp;and in the Portuguese television series &#8220;<a href=\"http:\/\/www.treebase.org\/tmp\/ger_cien.mov\">Gera\u00e7\u00e3o Cient\u00edsta<\/a>&#8221; (Generation Scientist) in 2006, where 26 young Portuguese scientists working throughout the world were interviewed about their work. The aim of the series (13 episodes) was to introduce the &#8220;lives of scientists&#8221; to the younger generations, to desmystify the scientific profession, and to encourage young people to follow a career in science. You can see the clip&nbsp;<a href=\"http:\/\/www.treebase.org\/tmp\/ger_cien.mov\">here<\/a>.&nbsp;<\/p>\n\n\n\n<p>Kendra Robertson&#8217;s work on the role of eyespots in female choice was recreated in the first episode of a&nbsp;<a href=\"http:\/\/lepdata.org\/monteiro\/movies\/bicyclus.mov\">PBS Nature<\/a>&nbsp;two-part series &#8220;What females want&#8221; and &#8220;What males are willing to give&#8221;. You can watch the&nbsp;<em>Bicyclus<\/em>&nbsp;clip&nbsp;<a href=\"http:\/\/lepdata.org\/monteiro\/movies\/bicyclus.mov\">here<\/a>.<\/p>\n","protected":false},"excerpt":{"rendered":"<p>Popular Press PNAS 2019 Daily Star (UK) &nbsp; Newswise &nbsp; Science Daily Scientific Reports 2018 The Straits Times (Singapore) &nbsp; Phys.org &nbsp; Wild Singapore Cell Reports 2018 Synthego &nbsp; Phys.org &nbsp; Daily Mail (UK) Proc. Roy. Soc Lond B 2018 Nature (UK) &nbsp; Entomology Today (USA) &nbsp; The Straits Times (Singapore) &nbsp; NUS News Molecular [&hellip;]<\/p>\n","protected":false},"author":2,"featured_media":111,"parent":0,"menu_order":0,"comment_status":"closed","ping_status":"closed","template":"","meta":{"footnotes":""},"class_list":["post-75","page","type-page","status-publish","has-post-thumbnail","hentry"],"_links":{"self":[{"href":"https:\/\/lepdata.org\/monteiro\/wp-json\/wp\/v2\/pages\/75","targetHints":{"allow":["GET"]}}],"collection":[{"href":"https:\/\/lepdata.org\/monteiro\/wp-json\/wp\/v2\/pages"}],"about":[{"href":"https:\/\/lepdata.org\/monteiro\/wp-json\/wp\/v2\/types\/page"}],"author":[{"embeddable":true,"href":"https:\/\/lepdata.org\/monteiro\/wp-json\/wp\/v2\/users\/2"}],"replies":[{"embeddable":true,"href":"https:\/\/lepdata.org\/monteiro\/wp-json\/wp\/v2\/comments?post=75"}],"version-history":[{"count":6,"href":"https:\/\/lepdata.org\/monteiro\/wp-json\/wp\/v2\/pages\/75\/revisions"}],"predecessor-version":[{"id":584,"href":"https:\/\/lepdata.org\/monteiro\/wp-json\/wp\/v2\/pages\/75\/revisions\/584"}],"wp:featuredmedia":[{"embeddable":true,"href":"https:\/\/lepdata.org\/monteiro\/wp-json\/wp\/v2\/media\/111"}],"wp:attachment":[{"href":"https:\/\/lepdata.org\/monteiro\/wp-json\/wp\/v2\/media?parent=75"}],"curies":[{"name":"wp","href":"https:\/\/api.w.org\/{rel}","templated":true}]}}